{"id":971,"date":"2023-08-08T09:23:17","date_gmt":"2023-08-08T09:23:17","guid":{"rendered":"https:\/\/gometegui.com\/nuclear-energy"},"modified":"2023-12-30T17:35:33","modified_gmt":"2023-12-30T17:35:33","slug":"energie-nucleaire","status":"publish","type":"page","link":"https:\/\/gometegui.com\/fr\/energie-nucleaire","title":{"rendered":"\u00c9nergie Nucl\u00e9aire"},"content":{"rendered":"","protected":false},"excerpt":{"rendered":"","protected":false},"author":1,"featured_media":0,"parent":0,"menu_order":0,"comment_status":"closed","ping_status":"closed","template":"","meta":{"footnotes":""},"class_list":["post-971","page","type-page","status-publish","hentry"],"yoast_head":"<!-- This site is optimized with the Yoast SEO plugin v24.8.1 - https:\/\/yoast.com\/wordpress\/plugins\/seo\/ -->\n<title>\u00c9nergie Nucl\u00e9aire - Gometegui. Fabricaci\u00f3n Integral de Grandes Componentes para la Industria Pesada<\/title>\n<meta name=\"robots\" content=\"index, follow, max-snippet:-1, max-image-preview:large, max-video-preview:-1\" \/>\n<link rel=\"canonical\" href=\"https:\/\/gometegui.com\/fr\/energie-nucleaire\" \/>\n<meta property=\"og:locale\" content=\"fr_FR\" \/>\n<meta property=\"og:type\" content=\"article\" \/>\n<meta property=\"og:title\" content=\"\u00c9nergie Nucl\u00e9aire - Gometegui. Fabricaci\u00f3n Integral de Grandes Componentes para la Industria Pesada\" \/>\n<meta property=\"og:url\" content=\"https:\/\/gometegui.com\/fr\/energie-nucleaire\" \/>\n<meta property=\"og:site_name\" content=\"Gometegui. Fabricaci\u00f3n Integral de Grandes Componentes para la Industria Pesada\" \/>\n<meta property=\"article:modified_time\" content=\"2023-12-30T17:35:33+00:00\" \/>\n<meta name=\"twitter:card\" content=\"summary_large_image\" \/>\n<script type=\"application\/ld+json\" class=\"yoast-schema-graph\">{\"@context\":\"https:\/\/schema.org\",\"@graph\":[{\"@type\":\"WebPage\",\"@id\":\"https:\/\/gometegui.com\/fr\/energie-nucleaire\",\"url\":\"https:\/\/gometegui.com\/fr\/energie-nucleaire\",\"name\":\"\u00c9nergie Nucl\u00e9aire - Gometegui. Fabricaci\u00f3n Integral de Grandes Componentes para la Industria Pesada\",\"isPartOf\":{\"@id\":\"https:\/\/gometegui.com\/fr#website\"},\"datePublished\":\"2023-08-08T09:23:17+00:00\",\"dateModified\":\"2023-12-30T17:35:33+00:00\",\"breadcrumb\":{\"@id\":\"https:\/\/gometegui.com\/fr\/energie-nucleaire#breadcrumb\"},\"inLanguage\":\"fr-FR\",\"potentialAction\":[{\"@type\":\"ReadAction\",\"target\":[\"https:\/\/gometegui.com\/fr\/energie-nucleaire\"]}]},{\"@type\":\"BreadcrumbList\",\"@id\":\"https:\/\/gometegui.com\/fr\/energie-nucleaire#breadcrumb\",\"itemListElement\":[{\"@type\":\"ListItem\",\"position\":1,\"name\":\"Home\",\"item\":\"https:\/\/gometegui.com\/fr\/home\"},{\"@type\":\"ListItem\",\"position\":2,\"name\":\"\u00c9nergie Nucl\u00e9aire\"}]},{\"@type\":\"WebSite\",\"@id\":\"https:\/\/gometegui.com\/fr#website\",\"url\":\"https:\/\/gometegui.com\/fr\",\"name\":\"Gometegui. Fabricaci\u00f3n Integral de Grandes Componentes para la Industria Pesada\",\"description\":\"Empresa Especialista en la Fabricaci\u00f3n Integral de Grandes Componentes Para Cualquier Proyecto y Sector.\",\"publisher\":{\"@id\":\"https:\/\/gometegui.com\/fr#organization\"},\"potentialAction\":[{\"@type\":\"SearchAction\",\"target\":{\"@type\":\"EntryPoint\",\"urlTemplate\":\"https:\/\/gometegui.com\/fr?s={search_term_string}\"},\"query-input\":{\"@type\":\"PropertyValueSpecification\",\"valueRequired\":true,\"valueName\":\"search_term_string\"}}],\"inLanguage\":\"fr-FR\"},{\"@type\":\"Organization\",\"@id\":\"https:\/\/gometegui.com\/fr#organization\",\"name\":\"Gometegui. Fabricaci\u00f3n Integral de Grandes Componentes para la Industria Pesada\",\"url\":\"https:\/\/gometegui.com\/fr\",\"logo\":{\"@type\":\"ImageObject\",\"inLanguage\":\"fr-FR\",\"@id\":\"https:\/\/gometegui.com\/fr#\/schema\/logo\/image\/\",\"url\":\"https:\/\/gometegui.com\/wp-content\/uploads\/2023\/07\/gometegui__imagotipo.png\",\"contentUrl\":\"https:\/\/gometegui.com\/wp-content\/uploads\/2023\/07\/gometegui__imagotipo.png\",\"width\":257,\"height\":100,\"caption\":\"Gometegui. Fabricaci\u00f3n Integral de Grandes Componentes para la Industria Pesada\"},\"image\":{\"@id\":\"https:\/\/gometegui.com\/fr#\/schema\/logo\/image\/\"}}]}<\/script>\n<!-- \/ Yoast SEO plugin. -->","yoast_head_json":{"title":"\u00c9nergie Nucl\u00e9aire - Gometegui. Fabricaci\u00f3n Integral de Grandes Componentes para la Industria Pesada","robots":{"index":"index","follow":"follow","max-snippet":"max-snippet:-1","max-image-preview":"max-image-preview:large","max-video-preview":"max-video-preview:-1"},"canonical":"https:\/\/gometegui.com\/fr\/energie-nucleaire","og_locale":"fr_FR","og_type":"article","og_title":"\u00c9nergie Nucl\u00e9aire - Gometegui. Fabricaci\u00f3n Integral de Grandes Componentes para la Industria Pesada","og_url":"https:\/\/gometegui.com\/fr\/energie-nucleaire","og_site_name":"Gometegui. Fabricaci\u00f3n Integral de Grandes Componentes para la Industria Pesada","article_modified_time":"2023-12-30T17:35:33+00:00","twitter_card":"summary_large_image","schema":{"@context":"https:\/\/schema.org","@graph":[{"@type":"WebPage","@id":"https:\/\/gometegui.com\/fr\/energie-nucleaire","url":"https:\/\/gometegui.com\/fr\/energie-nucleaire","name":"\u00c9nergie Nucl\u00e9aire - Gometegui. Fabricaci\u00f3n Integral de Grandes Componentes para la Industria Pesada","isPartOf":{"@id":"https:\/\/gometegui.com\/fr#website"},"datePublished":"2023-08-08T09:23:17+00:00","dateModified":"2023-12-30T17:35:33+00:00","breadcrumb":{"@id":"https:\/\/gometegui.com\/fr\/energie-nucleaire#breadcrumb"},"inLanguage":"fr-FR","potentialAction":[{"@type":"ReadAction","target":["https:\/\/gometegui.com\/fr\/energie-nucleaire"]}]},{"@type":"BreadcrumbList","@id":"https:\/\/gometegui.com\/fr\/energie-nucleaire#breadcrumb","itemListElement":[{"@type":"ListItem","position":1,"name":"Home","item":"https:\/\/gometegui.com\/fr\/home"},{"@type":"ListItem","position":2,"name":"\u00c9nergie Nucl\u00e9aire"}]},{"@type":"WebSite","@id":"https:\/\/gometegui.com\/fr#website","url":"https:\/\/gometegui.com\/fr","name":"Gometegui. Fabricaci\u00f3n Integral de Grandes Componentes para la Industria Pesada","description":"Empresa Especialista en la Fabricaci\u00f3n Integral de Grandes Componentes Para Cualquier Proyecto y Sector.","publisher":{"@id":"https:\/\/gometegui.com\/fr#organization"},"potentialAction":[{"@type":"SearchAction","target":{"@type":"EntryPoint","urlTemplate":"https:\/\/gometegui.com\/fr?s={search_term_string}"},"query-input":{"@type":"PropertyValueSpecification","valueRequired":true,"valueName":"search_term_string"}}],"inLanguage":"fr-FR"},{"@type":"Organization","@id":"https:\/\/gometegui.com\/fr#organization","name":"Gometegui. Fabricaci\u00f3n Integral de Grandes Componentes para la Industria Pesada","url":"https:\/\/gometegui.com\/fr","logo":{"@type":"ImageObject","inLanguage":"fr-FR","@id":"https:\/\/gometegui.com\/fr#\/schema\/logo\/image\/","url":"https:\/\/gometegui.com\/wp-content\/uploads\/2023\/07\/gometegui__imagotipo.png","contentUrl":"https:\/\/gometegui.com\/wp-content\/uploads\/2023\/07\/gometegui__imagotipo.png","width":257,"height":100,"caption":"Gometegui. Fabricaci\u00f3n Integral de Grandes Componentes para la Industria Pesada"},"image":{"@id":"https:\/\/gometegui.com\/fr#\/schema\/logo\/image\/"}}]}},"_links":{"self":[{"href":"https:\/\/gometegui.com\/fr\/wp-json\/wp\/v2\/pages\/971","targetHints":{"allow":["GET"]}}],"collection":[{"href":"https:\/\/gometegui.com\/fr\/wp-json\/wp\/v2\/pages"}],"about":[{"href":"https:\/\/gometegui.com\/fr\/wp-json\/wp\/v2\/types\/page"}],"author":[{"embeddable":true,"href":"https:\/\/gometegui.com\/fr\/wp-json\/wp\/v2\/users\/1"}],"replies":[{"embeddable":true,"href":"https:\/\/gometegui.com\/fr\/wp-json\/wp\/v2\/comments?post=971"}],"version-history":[{"count":2,"href":"https:\/\/gometegui.com\/fr\/wp-json\/wp\/v2\/pages\/971\/revisions"}],"predecessor-version":[{"id":998,"href":"https:\/\/gometegui.com\/fr\/wp-json\/wp\/v2\/pages\/971\/revisions\/998"}],"wp:attachment":[{"href":"https:\/\/gometegui.com\/fr\/wp-json\/wp\/v2\/media?parent=971"}],"curies":[{"name":"wp","href":"https:\/\/api.w.org\/{rel}","templated":true}]}}